{"id":137,"date":"2015-05-20T11:09:20","date_gmt":"2015-05-20T11:09:20","guid":{"rendered":"http:\/\/localhost\/wordpress\/renovate\/?page_id=137"},"modified":"2023-09-27T09:28:15","modified_gmt":"2023-09-27T09:28:15","slug":"services","status":"publish","type":"page","link":"https:\/\/ekarchitect.be\/tr\/services\/","title":{"rendered":"Hizmetlerimiz"},"content":{"rendered":"<div class=\"wpb-content-wrapper\"><div class=\"vc_row wpb_row vc_row-fluid padding-top-70\"><div class=\"wpb_column vc_column_container vc_col-sm-12\"><div class=\"wpb_wrapper\"><ul class=\"services-list clearfix\"><li class=\"vc_row wpb_row vc_row-fluid\"><ul><li><a href=\"https:\/\/ekarchitect.be\/tr\/services\/renovation-projects\/\" title=\"Yenileme Projeleri\"><img loading=\"lazy\" decoding=\"async\" width=\"390\" height=\"260\" src=\"https:\/\/ekarchitect.be\/wp-content\/uploads\/2023\/08\/Renovation-Project-in-Sint-Genesius-Rode_12-390x260.jpg\" class=\"attachment-medium-thumb size-medium-thumb wp-post-image\" alt=\"Renovation Projects\" title=\"\" srcset=\"https:\/\/ekarchitect.be\/wp-content\/uploads\/2023\/08\/Renovation-Project-in-Sint-Genesius-Rode_12-390x260.jpg 390w, https:\/\/ekarchitect.be\/wp-content\/uploads\/2023\/08\/Renovation-Project-in-Sint-Genesius-Rode_12-1200x800.jpg 1200w, https:\/\/ekarchitect.be\/wp-content\/uploads\/2023\/08\/Renovation-Project-in-Sint-Genesius-Rode_12-750x500.jpg 750w, https:\/\/ekarchitect.be\/wp-content\/uploads\/2023\/08\/Renovation-Project-in-Sint-Genesius-Rode_12-570x380.jpg 570w, https:\/\/ekarchitect.be\/wp-content\/uploads\/2023\/08\/Renovation-Project-in-Sint-Genesius-Rode_12-480x320.jpg 480w, https:\/\/ekarchitect.be\/wp-content\/uploads\/2023\/08\/Renovation-Project-in-Sint-Genesius-Rode_12-270x180.jpg 270w\" \/><\/a><h4 class=\"box-header\"><a href=\"https:\/\/ekarchitect.be\/tr\/services\/renovation-projects\/\" title=\"Yenileme Projeleri\">Yenileme Projeleri<\/a><\/h4><p>Mevcut evinizi bir \u00fcst seviyeye ta\u015f\u0131y\u0131n ve ona yeni bir anlam kat\u0131n. Ev yenilemelerimiz estetik ve i\u015flevsellik a\u00e7\u0131s\u0131ndan en iyiyi sunarak vizyonunuzu hayata ge\u00e7irir.<\/p>\n<\/li><li><a href=\"https:\/\/ekarchitect.be\/tr\/services\/new-build-projects\/\" title=\"Yeni Yap\u0131 Projeler\"><img loading=\"lazy\" decoding=\"async\" width=\"390\" height=\"260\" src=\"https:\/\/ekarchitect.be\/wp-content\/uploads\/2015\/05\/Eengezingswoning-Boutersem-rechtzijgevel-far-new-2-390x260.jpg\" class=\"attachment-medium-thumb size-medium-thumb wp-post-image\" alt=\"New Build Projects\" title=\"\" srcset=\"https:\/\/ekarchitect.be\/wp-content\/uploads\/2015\/05\/Eengezingswoning-Boutersem-rechtzijgevel-far-new-2-390x260.jpg 390w, https:\/\/ekarchitect.be\/wp-content\/uploads\/2015\/05\/Eengezingswoning-Boutersem-rechtzijgevel-far-new-2-1200x800.jpg 1200w, https:\/\/ekarchitect.be\/wp-content\/uploads\/2015\/05\/Eengezingswoning-Boutersem-rechtzijgevel-far-new-2-750x500.jpg 750w, https:\/\/ekarchitect.be\/wp-content\/uploads\/2015\/05\/Eengezingswoning-Boutersem-rechtzijgevel-far-new-2-570x380.jpg 570w, https:\/\/ekarchitect.be\/wp-content\/uploads\/2015\/05\/Eengezingswoning-Boutersem-rechtzijgevel-far-new-2-480x320.jpg 480w, https:\/\/ekarchitect.be\/wp-content\/uploads\/2015\/05\/Eengezingswoning-Boutersem-rechtzijgevel-far-new-2-270x180.jpg 270w\" \/><\/a><h4 class=\"box-header\"><a href=\"https:\/\/ekarchitect.be\/tr\/services\/new-build-projects\/\" title=\"Yeni Yap\u0131 Projeler\">Yeni Yap\u0131 Projeler<\/a><\/h4><p>Modern ya\u015fam\u0131n kap\u0131lar\u0131n\u0131 a\u00e7\u0131n, gelece\u011finizi bizimle in\u015fa edin. Yeni in\u015faat projelerimiz, \u00f6zel tasar\u0131mlar\u0131 ve enerji verimlili\u011fiyle kusursuz ya\u015fam alanlar\u0131 sunuyor.<\/p>\n<\/li><li><a href=\"https:\/\/ekarchitect.be\/tr\/services\/custom-cabinets\/\" title=\"\u00d6zel Dolaplar\"><img loading=\"lazy\" decoding=\"async\" width=\"390\" height=\"260\" src=\"https:\/\/ekarchitect.be\/wp-content\/uploads\/2023\/09\/Closet-render-2-390x260.jpg\" class=\"attachment-medium-thumb size-medium-thumb wp-post-image\" alt=\"Custom Cabinets\" title=\"\" srcset=\"https:\/\/ekarchitect.be\/wp-content\/uploads\/2023\/09\/Closet-render-2-390x260.jpg 390w, https:\/\/ekarchitect.be\/wp-content\/uploads\/2023\/09\/Closet-render-2-1200x800.jpg 1200w, https:\/\/ekarchitect.be\/wp-content\/uploads\/2023\/09\/Closet-render-2-750x500.jpg 750w, https:\/\/ekarchitect.be\/wp-content\/uploads\/2023\/09\/Closet-render-2-570x380.jpg 570w, https:\/\/ekarchitect.be\/wp-content\/uploads\/2023\/09\/Closet-render-2-480x320.jpg 480w, https:\/\/ekarchitect.be\/wp-content\/uploads\/2023\/09\/Closet-render-2-270x180.jpg 270w\" \/><\/a><h4 class=\"box-header\"><a href=\"https:\/\/ekarchitect.be\/tr\/services\/custom-cabinets\/\" title=\"\u00d6zel Dolaplar\">\u00d6zel Dolaplar<\/a><\/h4><p>Evlerinizi ki\u015fiselle\u015ftirmenin ayr\u0131cal\u0131\u011f\u0131n\u0131 ya\u015fay\u0131n. \u00d6zel dolaplar\u0131m\u0131z depolama ihtiya\u00e7lar\u0131n\u0131z\u0131 kar\u015f\u0131lamak ve tarz\u0131n\u0131za uygun \u00e7\u00f6z\u00fcmler sunmak i\u00e7in tasarlanm\u0131\u015ft\u0131r.<\/p>\n<\/li><\/ul><\/li><\/ul><\/div><\/div><\/div>\n<\/div>","protected":false},"excerpt":{"rendered":"Renovation ProjectsElevate your existing home and reimagine it. Our home renovations deliver the best in aesthetics and functionality, bringing your vision to life. New Build ProjectsOpen the doors to modern living and build your future with us. Our new construction projects offer perfect living spaces with custom designs and energy efficiency. Custom CabinetsExperience the privilege","protected":false},"author":1,"featured_media":0,"parent":0,"menu_order":0,"comment_status":"open","ping_status":"open","template":"","meta":{"footnotes":""},"class_list":["post-137","page","type-page","status-publish","hentry"],"yoast_head":"<!-- This site is optimized with the Yoast SEO plugin v27.4 - https:\/\/yoast.com\/product\/yoast-seo-wordpress\/ -->\n<title>OUR SERVICES - EK Architect<\/title>\n<meta name=\"robots\" content=\"index, follow, max-snippet:-1, max-image-preview:large, max-video-preview:-1\" \/>\n<link rel=\"canonical\" href=\"https:\/\/ekarchitect.be\/tr\/services\/\" \/>\n<meta property=\"og:locale\" content=\"tr_TR\" \/>\n<meta property=\"og:type\" content=\"article\" \/>\n<meta property=\"og:title\" content=\"OUR SERVICES - EK Architect\" \/>\n<meta property=\"og:url\" content=\"https:\/\/ekarchitect.be\/tr\/services\/\" \/>\n<meta property=\"og:site_name\" content=\"EK Architect\" \/>\n<meta property=\"article:modified_time\" content=\"2023-09-27T09:28:15+00:00\" \/>\n<meta name=\"twitter:card\" content=\"summary_large_image\" \/>\n<script type=\"application\/ld+json\" class=\"yoast-schema-graph\">{\"@context\":\"https:\\\/\\\/schema.org\",\"@graph\":[{\"@type\":\"WebPage\",\"@id\":\"https:\\\/\\\/ekarchitect.be\\\/services\\\/\",\"url\":\"https:\\\/\\\/ekarchitect.be\\\/services\\\/\",\"name\":\"OUR SERVICES - EK Architect\",\"isPartOf\":{\"@id\":\"https:\\\/\\\/ekarchitect.be\\\/#website\"},\"datePublished\":\"2015-05-20T11:09:20+00:00\",\"dateModified\":\"2023-09-27T09:28:15+00:00\",\"breadcrumb\":{\"@id\":\"https:\\\/\\\/ekarchitect.be\\\/services\\\/#breadcrumb\"},\"inLanguage\":\"tr\",\"potentialAction\":[{\"@type\":\"ReadAction\",\"target\":[\"https:\\\/\\\/ekarchitect.be\\\/services\\\/\"]}]},{\"@type\":\"BreadcrumbList\",\"@id\":\"https:\\\/\\\/ekarchitect.be\\\/services\\\/#breadcrumb\",\"itemListElement\":[{\"@type\":\"ListItem\",\"position\":1,\"name\":\"Home\",\"item\":\"https:\\\/\\\/ekarchitect.be\\\/\"},{\"@type\":\"ListItem\",\"position\":2,\"name\":\"OUR SERVICES\"}]},{\"@type\":\"WebSite\",\"@id\":\"https:\\\/\\\/ekarchitect.be\\\/#website\",\"url\":\"https:\\\/\\\/ekarchitect.be\\\/\",\"name\":\"EK Architect\",\"description\":\"Belgium - Renovation Projects - New Build Project - Office -  Custom Made Kitchen Cabinets - Apartement\",\"publisher\":{\"@id\":\"https:\\\/\\\/ekarchitect.be\\\/#\\\/schema\\\/person\\\/f97ed2a867bd9f99c119a9f13012c432\"},\"potentialAction\":[{\"@type\":\"SearchAction\",\"target\":{\"@type\":\"EntryPoint\",\"urlTemplate\":\"https:\\\/\\\/ekarchitect.be\\\/?s={search_term_string}\"},\"query-input\":{\"@type\":\"PropertyValueSpecification\",\"valueRequired\":true,\"valueName\":\"search_term_string\"}}],\"inLanguage\":\"tr\"},{\"@type\":[\"Person\",\"Organization\"],\"@id\":\"https:\\\/\\\/ekarchitect.be\\\/#\\\/schema\\\/person\\\/f97ed2a867bd9f99c119a9f13012c432\",\"name\":\"admin\",\"image\":{\"@type\":\"ImageObject\",\"inLanguage\":\"tr\",\"@id\":\"https:\\\/\\\/ekarchitect.be\\\/wp-content\\\/uploads\\\/2023\\\/08\\\/LOGO.jpg\",\"url\":\"https:\\\/\\\/ekarchitect.be\\\/wp-content\\\/uploads\\\/2023\\\/08\\\/LOGO.jpg\",\"contentUrl\":\"https:\\\/\\\/ekarchitect.be\\\/wp-content\\\/uploads\\\/2023\\\/08\\\/LOGO.jpg\",\"width\":1128,\"height\":1137,\"caption\":\"admin\"},\"logo\":{\"@id\":\"https:\\\/\\\/ekarchitect.be\\\/wp-content\\\/uploads\\\/2023\\\/08\\\/LOGO.jpg\"},\"sameAs\":[\"https:\\\/\\\/ekarchitect.be\"]}]}<\/script>\n<!-- \/ Yoast SEO plugin. -->","yoast_head_json":{"title":"OUR SERVICES - EK Architect","robots":{"index":"index","follow":"follow","max-snippet":"max-snippet:-1","max-image-preview":"max-image-preview:large","max-video-preview":"max-video-preview:-1"},"canonical":"https:\/\/ekarchitect.be\/tr\/services\/","og_locale":"tr_TR","og_type":"article","og_title":"OUR SERVICES - EK Architect","og_url":"https:\/\/ekarchitect.be\/tr\/services\/","og_site_name":"EK Architect","article_modified_time":"2023-09-27T09:28:15+00:00","twitter_card":"summary_large_image","schema":{"@context":"https:\/\/schema.org","@graph":[{"@type":"WebPage","@id":"https:\/\/ekarchitect.be\/services\/","url":"https:\/\/ekarchitect.be\/services\/","name":"OUR SERVICES - EK Architect","isPartOf":{"@id":"https:\/\/ekarchitect.be\/#website"},"datePublished":"2015-05-20T11:09:20+00:00","dateModified":"2023-09-27T09:28:15+00:00","breadcrumb":{"@id":"https:\/\/ekarchitect.be\/services\/#breadcrumb"},"inLanguage":"tr","potentialAction":[{"@type":"ReadAction","target":["https:\/\/ekarchitect.be\/services\/"]}]},{"@type":"BreadcrumbList","@id":"https:\/\/ekarchitect.be\/services\/#breadcrumb","itemListElement":[{"@type":"ListItem","position":1,"name":"Home","item":"https:\/\/ekarchitect.be\/"},{"@type":"ListItem","position":2,"name":"OUR SERVICES"}]},{"@type":"WebSite","@id":"https:\/\/ekarchitect.be\/#website","url":"https:\/\/ekarchitect.be\/","name":"EK Architect","description":"Belgium - Renovation Projects - New Build Project - Office -  Custom Made Kitchen Cabinets - Apartement","publisher":{"@id":"https:\/\/ekarchitect.be\/#\/schema\/person\/f97ed2a867bd9f99c119a9f13012c432"},"potentialAction":[{"@type":"SearchAction","target":{"@type":"EntryPoint","urlTemplate":"https:\/\/ekarchitect.be\/?s={search_term_string}"},"query-input":{"@type":"PropertyValueSpecification","valueRequired":true,"valueName":"search_term_string"}}],"inLanguage":"tr"},{"@type":["Person","Organization"],"@id":"https:\/\/ekarchitect.be\/#\/schema\/person\/f97ed2a867bd9f99c119a9f13012c432","name":"admin","image":{"@type":"ImageObject","inLanguage":"tr","@id":"https:\/\/ekarchitect.be\/wp-content\/uploads\/2023\/08\/LOGO.jpg","url":"https:\/\/ekarchitect.be\/wp-content\/uploads\/2023\/08\/LOGO.jpg","contentUrl":"https:\/\/ekarchitect.be\/wp-content\/uploads\/2023\/08\/LOGO.jpg","width":1128,"height":1137,"caption":"admin"},"logo":{"@id":"https:\/\/ekarchitect.be\/wp-content\/uploads\/2023\/08\/LOGO.jpg"},"sameAs":["https:\/\/ekarchitect.be"]}]}},"jetpack_sharing_enabled":true,"_links":{"self":[{"href":"https:\/\/ekarchitect.be\/tr\/wp-json\/wp\/v2\/pages\/137","targetHints":{"allow":["GET"]}}],"collection":[{"href":"https:\/\/ekarchitect.be\/tr\/wp-json\/wp\/v2\/pages"}],"about":[{"href":"https:\/\/ekarchitect.be\/tr\/wp-json\/wp\/v2\/types\/page"}],"author":[{"embeddable":true,"href":"https:\/\/ekarchitect.be\/tr\/wp-json\/wp\/v2\/users\/1"}],"replies":[{"embeddable":true,"href":"https:\/\/ekarchitect.be\/tr\/wp-json\/wp\/v2\/comments?post=137"}],"version-history":[{"count":6,"href":"https:\/\/ekarchitect.be\/tr\/wp-json\/wp\/v2\/pages\/137\/revisions"}],"predecessor-version":[{"id":1782,"href":"https:\/\/ekarchitect.be\/tr\/wp-json\/wp\/v2\/pages\/137\/revisions\/1782"}],"wp:attachment":[{"href":"https:\/\/ekarchitect.be\/tr\/wp-json\/wp\/v2\/media?parent=137"}],"curies":[{"name":"wp","href":"https:\/\/api.w.org\/{rel}","templated":true}]}}